{"id":42222,"date":"2024-03-27T12:31:44","date_gmt":"2024-03-27T12:31:44","guid":{"rendered":"https:\/\/helpers.hu\/terms-and-conditions\/"},"modified":"2025-07-18T15:26:30","modified_gmt":"2025-07-18T15:26:30","slug":"terms-and-conditions","status":"publish","type":"page","link":"https:\/\/helpers.hu\/hu\/terms-and-conditions\/","title":{"rendered":"\u00c1LTAL\u00c1NOS SZERZ\u0150D\u00c9SI FELT\u00c9TELEK"},"content":{"rendered":"\n<h2 class=\"wp-block-heading\">1. Az \u00c1ltal\u00e1nos Szerz\u0151d\u00e9si Felt\u00e9telek hat\u00e1lya \u00e9s t\u00e1rgya<\/h2>\n\n\n\n<p>A jelen az \u00c1ltal\u00e1nos Szerz\u0151d\u00e9si Felt\u00e9telek (\u201e\u00c1SZF\u201d) a HELPERS Hungary (\u201eHELPERS\u201d) (a HELPERS Hungary Kft. \u00e1ltal m\u0171k\u00f6dtetett v\u00e1llalkoz\u00e1s) \u00e9s az \u00fcgyf\u00e9l (az \u201e\u00dcgyf\u00e9l\u201d) k\u00f6z\u00f6tti szolg\u00e1ltat\u00e1si szerz\u0151d\u00e9s alapj\u00e1t k\u00e9pezik, \u00e9s a bev\u00e1ndorl\u00e1si \u00e9s \u00fczleti szolg\u00e1ltat\u00e1sok keret\u00e9ben k\u00f6z\u00f6tt\u00fck l\u00e9trej\u00f6tt valamennyi jogviszonyra vonatkoznak. Azzal, hogy az \u00fcgyf\u00e9l megb\u00edz\u00e1st k\u00fcld a HELPERS r\u00e9sz\u00e9re, hallgat\u00f3lagosan elfogadja a jelen \u00c1SZF-et. Az \u00dcgyf\u00e9l \u00e9s a HELPERS k\u00f6z\u00f6s megegyez\u00e9ssel elt\u00e9rhet a jelen \u00c1SZF-ben foglaltakt\u00f3l, \u00e9s ilyen esetben a jelen \u00c1SZF \u00e9rintett rendelkez\u00e9se(i) hat\u00e1lytalann\u00e1 v\u00e1lik\/v\u00e1lnak. Mindazon\u00e1ltal az \u00c1SZF-t\u0151l val\u00f3 b\u00e1rmely elt\u00e9r\u00e9s csak akkor v\u00e1lik k\u00f6telez\u0151 \u00e9rv\u00e9ny\u0171v\u00e9, ha azt a HELPERS \u00edr\u00e1sban meger\u0151s\u00edti.<\/p>\n\n\n\n<h2 class=\"wp-block-heading\">2. Aj\u00e1nlatok, szerz\u0151d\u00e9sk\u00f6t\u00e9s \u00e9s szolg\u00e1ltat\u00e1si d\u00edj<\/h2>\n\n\n\n<ol class=\"wp-block-list\">\n<li>A HELPERS aj\u00e1nlata kiz\u00e1r\u00f3lag \u00edr\u00e1sban (lev\u00e9lben vagy e-mailben), valamint az aj\u00e1nlatt\u00e9tel id\u0151pontj\u00e1t\u00f3l sz\u00e1m\u00edtott 1 h\u00f3napig \u00e9rv\u00e9nyes, kiv\u00e9ve, ha az aj\u00e1nlatban konkr\u00e9t \u00e9rv\u00e9nyess\u00e9gi d\u00e1tumot \u00e1llap\u00edtottak meg a Felek.<\/li>\n\n\n\n<li>Szerz\u0151d\u00e9s akkor j\u00f6n l\u00e9tre, amikor az \u00dcgyf\u00e9l sz\u00f3ban vagy \u00edr\u00e1sban elfogadja a HELPERS \u00e1ltal k\u00fcld\u00f6tt aj\u00e1nlatot, vagy ha a HELPERS \u00edr\u00e1sban visszaigazolja az \u00dcgyf\u00e9l megb\u00edz\u00e1s\u00e1t.<\/li>\n\n\n\n<li>Az 1500 eur\u00f3s vagy azt meghalad\u00f3 \u00f6sszeg\u0171 megb\u00edz\u00e1sokra a HELPERS \u00e9s az \u00dcgyf\u00e9l k\u00f6z\u00f6tt k\u00fcl\u00f6n megk\u00f6t\u00f6tt \u00edr\u00e1sbeli szolg\u00e1ltat\u00e1si meg\u00e1llapod\u00e1s vonatkozik.<\/li>\n\n\n\n<li>Hacsak a megb\u00edz\u00e1st ad\u00f3 \u00dcgyf\u00e9l kifejezetten ki nem jelenti, hogy a szerz\u0151d\u00e9s megk\u00f6t\u00e9s\u00e9nek pillanat\u00e1ban egy harmadik szem\u00e9ly nev\u00e9ben j\u00e1r el, \u00e9s hacsak nem adja meg a harmadik f\u00e9l nev\u00e9t \u00e9s sz\u00e1ml\u00e1z\u00e1si c\u00edm\u00e9t, a HELPERS azt a szem\u00e9lyt tekinti az \u00dcgyf\u00e9lnek, aki a megb\u00edz\u00e1st adta HELPERS-nek.<\/li>\n\n\n\n<li>A szolg\u00e1ltat\u00e1si d\u00edjat a HELPERS \u00e1ltal az \u00dcgyf\u00e9lnek ny\u00fajtott aj\u00e1nlat tartalmazza.<\/li>\n<\/ol>\n\n\n\n<h2 class=\"wp-block-heading\">3. Megb\u00edz\u00e1sok m\u00f3dos\u00edt\u00e1sa \u00e9s lemond\u00e1sa<\/h2>\n\n\n\n<ol class=\"wp-block-list\">\n<li>Abban az esetben, ha az \u00dcgyf\u00e9l a szerz\u0151d\u00e9s megk\u00f6t\u00e9se ut\u00e1n b\u00e1rmely megb\u00edz\u00e1s m\u00f3dos\u00edt\u00e1s\u00e1t vagy kieg\u00e9sz\u00edt\u00e9s\u00e9t k\u00e9ri, a HELPERS tov\u00e1bbi d\u00edjat sz\u00e1m\u00edthat fel \u00e9s\/vagy m\u00f3dos\u00edthatja a sz\u00e1ll\u00edt\u00e1si hat\u00e1rid\u0151t.<\/li>\n\n\n\n<li>Megb\u00edz\u00e1s t\u00f6rl\u00e9se:&nbsp;az \u00fcgyfelet 14 napos el\u00e1ll\u00e1si jog illeti meg, amennyiben a teljes\u00edt\u00e9s m\u00e9g nem kezd\u0151d\u00f6tt meg.<\/li>\n\n\n\n<li>A megb\u00edz\u00e1s t\u00f6rl\u00e9se csak \u00edr\u00e1sban (lev\u00e9lben vagy e-mailben) \u00e9rv\u00e9nyes.<\/li>\n\n\n\n<li>A HELPERS legt\u00f6bb szolg\u00e1ltat\u00e1s\u00e1\u00e9rt el\u0151re kell fizetni. Ha a megrendel\u00e9st az \u00dcgyf\u00e9l a szolg\u00e1ltat\u00e1s v\u00e9grehajt\u00e1sa k\u00f6zben lemondja, a HELPERS \u00e1tadja az \u00fcgyf\u00e9lnek az addig az id\u0151pontig elv\u00e9gzett munk\u00e1t, \u00e9s a m\u00e9g nem elv\u00e9gzett munk\u00e1\u00e9rt j\u00e1r\u00f3 d\u00edjat visszat\u00e9r\u00edtheti (ld. 8. Fizet\u00e9s).<\/li>\n<\/ol>\n\n\n\n<h2 class=\"wp-block-heading\">4. Megb\u00edz\u00e1sok teljes\u00edt\u00e9se, sz\u00e1ll\u00edt\u00e1s \u00e9s sz\u00e1ll\u00edt\u00e1si hat\u00e1rid\u0151k<\/h2>\n\n\n\n<ol class=\"wp-block-list\">\n<li>A HELPERS v\u00e1llalja, hogy kompetens \u00e9s professzion\u00e1lis m\u00f3don teljes\u00edti az \u00dcgyf\u00e9l megb\u00edz\u00e1s\u00e1t.<\/li>\n\n\n\n<li>Ha a szolg\u00e1ltat\u00e1s teljes\u00edt\u00e9s\u00e9nek d\u00e1tuma\/id\u0151pontja a megrendel\u00e9s l\u00e9nyeges elem\u00e9t k\u00e9pezi, az \u00dcgyf\u00e9l ezt a t\u00e9nyt a megb\u00edz\u00e1s ad\u00e1sakor r\u00f6gz\u00edti. A sz\u00e1ll\u00edt\u00e1si hat\u00e1rid\u0151k csak akkor \u00e9rv\u00e9nyesek, ha azokat a HELPERS \u00edr\u00e1sban kifejezetten meger\u0151s\u00edtette. A HELPERS v\u00e1llalja, hogy halad\u00e9ktalanul t\u00e1j\u00e9koztatja az \u00dcgyfelet minden olyan k\u00f6r\u00fclm\u00e9nyr\u0151l, amely k\u00e9sleltetheti a meg\u00e1llapod\u00e1s szerinti sz\u00e1ll\u00edt\u00e1si hat\u00e1rid\u0151t.<\/li>\n\n\n\n<li>Az \u00dcgyf\u00e9l k\u00f6teles mindent megtenni annak \u00e9rdek\u00e9ben, hogy el\u0151seg\u00edtse a HELPERS sz\u00e1m\u00e1ra adott megb\u00edz\u00e1sok id\u0151ben t\u00f6rt\u00e9n\u0151 teljes\u00edt\u00e9s\u00e9t.<\/li>\n\n\n\n<li>Ha az \u00dcgyf\u00e9l nem biztos\u00edtja megfelel\u0151 id\u0151ben a HELPERS sz\u00e1m\u00e1ra a szolg\u00e1ltat\u00e1s elv\u00e9gz\u00e9s\u00e9hez sz\u00fcks\u00e9ges anyagokat, a HELPERS jogosult a sz\u00e1ll\u00edt\u00e1si hat\u00e1rid\u0151t a k\u00e9sedelem idej\u00e9vel meghosszabb\u00edtani.<\/li>\n\n\n\n<li>A HELPERS kieg\u00e9sz\u00edt\u0151 inform\u00e1ci\u00f3t, dokument\u00e1ci\u00f3t vagy egy\u00e9b, a szerz\u0151d\u00e9s szerinti szolg\u00e1ltat\u00e1sra vonatkoz\u00f3 referenciaanyagot k\u00e9rhet az \u00dcgyf\u00e9lt\u0151l, \u00e9s az \u00dcgyf\u00e9l v\u00e1llalja, hogy biztos\u00edtja az ilyen anyagokat. Az \u00dcgyf\u00e9l k\u00f6teles ezeket az anyagokat \u00e9s\/vagy inform\u00e1ci\u00f3kat saj\u00e1t kock\u00e1zat\u00e1ra \u00e9s k\u00f6lts\u00e9g\u00e9n a HELPERS rendelkez\u00e9s\u00e9re bocs\u00e1tani.<\/li>\n<\/ol>\n\n\n\n<h2 class=\"wp-block-heading\">5. Titoktart\u00e1s<\/h2>\n\n\n\n<ol class=\"wp-block-list\">\n<li>A HELPERS szigor\u00faan bizalmasan kezeli az \u00dcgyf\u00e9l \u00e1ltal rendelkez\u00e9sre bocs\u00e1tott valamennyi inform\u00e1ci\u00f3t. A HELPERS minden \u00e9sszer\u0171 l\u00e9p\u00e9st megtesz annak \u00e9rdek\u00e9ben, hogy minden olyan bels\u0151 \u00e9s k\u00fcls\u0151 szolg\u00e1ltat\u00f3, aki hozz\u00e1f\u00e9r\u00e9st kap az \u00dcgyf\u00e9l inform\u00e1ci\u00f3ihoz, szigor\u00faan bizalmasan kezelje azokat. A HELPERS nem v\u00e1llal felel\u0151ss\u00e9get titoktart\u00e1si k\u00f6telezetts\u00e9gei harmadik f\u00e9l \u00e1ltali el\u0151re nem l\u00e1that\u00f3 megs\u00e9rt\u00e9s\u00e9\u00e9rt.<\/li>\n\n\n\n<li>A HELPERS \u00e9s az \u00dcgyf\u00e9l meg\u00e1llapodnak abban, hogy szigor\u00faan bizalmasan kezelik a m\u00e1sik f\u00e9l olyan \u00fczleti, tulajdonosi \u00e9s egy\u00e9b bizalmas inform\u00e1ci\u00f3it, amelyek az \u00fczleti kapcsolat sor\u00e1n \u00e9s az eml\u00edtett kapcsolat megsz\u0171n\u00e9se ut\u00e1n mindk\u00e9t f\u00e9l sz\u00e1m\u00e1ra ismertt\u00e9 v\u00e1lnak. Mindk\u00e9t f\u00e9l v\u00e1llalja, hogy k\u00fcl\u00f6n\u00f6s figyelmet ford\u00edt arra, hogy semmilyen ilyen inform\u00e1ci\u00f3 ne jusson olyan harmadik felek tudom\u00e1s\u00e1ra, akik nem r\u00e9szesei a HELPERS \u00e9s az \u00dcgyf\u00e9l k\u00f6z\u00f6tti \u00fczleti kapcsolatnak. Az \u00dcgyf\u00e9l \u00e9s a HELPERS k\u00f6z\u00f6tti minden szerz\u0151d\u00e9ses meg\u00e1llapod\u00e1st biztons\u00e1gosan kell kezelni, \u00e9s meg kell v\u00e9deni az illet\u00e9ktelen hozz\u00e1f\u00e9r\u00e9st\u0151l. A titoktart\u00e1si k\u00f6telezetts\u00e9g az \u00fczleti kapcsolat vagy szerz\u0151d\u00e9ses meg\u00e1llapod\u00e1s(ok) megsz\u0171n\u00e9se ut\u00e1n is \u00e9rv\u00e9nyben marad.<\/li>\n\n\n\n<li>Az \u00dcgyf\u00e9l hozz\u00e1j\u00e1rul ahhoz, hogy a HELPERS a HELPERS marketinganyagaiban hivatkozzon az \u00dcgyf\u00e9lre.<\/li>\n<\/ol>\n\n\n\n<h2 class=\"wp-block-heading\">6. Min\u0151s\u00e9ggel kapcsolatos panaszok \u00e9s garanci\u00e1lis ig\u00e9nyek<\/h2>\n\n\n\n<ol class=\"wp-block-list\">\n<li>A szolg\u00e1ltat\u00e1sok min\u0151s\u00e9g\u00e9vel kapcsolatos panaszokat az \u00dcgyf\u00e9lnek halad\u00e9ktalanul, de legk\u00e9s\u0151bb a megfelel\u0151 anyagok k\u00e9zhezv\u00e9tele ut\u00e1n egy h\u00e9ttel kell beny\u00fajtania. Az \u00dcgyf\u00e9l felel a panasz k\u00e9sedelmes beny\u00fajt\u00e1s\u00e1b\u00f3l sz\u00e1rmaz\u00f3 k\u00e1rok\u00e9rt. A min\u0151s\u00e9gi panaszt vagy garanci\u00e1lis ig\u00e9nyt az azt al\u00e1t\u00e1maszt\u00f3 bizony\u00edt\u00e9kokkal egy\u00fctt \u00edr\u00e1sban kell beny\u00fajtani a HELPERS sz\u00e1m\u00e1ra. A min\u0151s\u00e9gi panasz vagy a garanci\u00e1lis ig\u00e9ny beny\u00fajt\u00e1sa nem felt\u00e9tlen\u00fcl mentes\u00edti az \u00dcgyfelet fizet\u00e9si k\u00f6telezetts\u00e9ge al\u00f3l.<\/li>\n\n\n\n<li>Jogos min\u0151s\u00e9gi panasz vagy garanci\u00e1lis ig\u00e9ny eset\u00e9n az \u00dcgyf\u00e9l k\u00f6teles \u00e9sszer\u0171 id\u0151tartamot adni a HELPERS sz\u00e1m\u00e1ra a sz\u00e1ll\u00edtott anyagok jav\u00edt\u00e1s\u00e1ra vagy kicser\u00e9l\u00e9s\u00e9re. Ha az \u00dcgyf\u00e9l ezt a lehet\u0151s\u00e9get nem adja meg a HELPERS sz\u00e1m\u00e1ra, vagy harmadik szem\u00e9lyt vesz ig\u00e9nybe a hi\u00e1nyoss\u00e1gok orvosl\u00e1sa \u00e9rdek\u00e9ben, a HELPERS a tov\u00e1bbiakra n\u00e9zve mentes\u00fcl a term\u00e9k kijav\u00edt\u00e1s\u00e1nak vagy cser\u00e9j\u00e9nek k\u00f6telezetts\u00e9ge al\u00f3l.<\/li>\n\n\n\n<li>Amennyiben a HELPERS a meg\u00e1llap\u00edtott hat\u00e1rid\u0151n bel\u00fcl orvosolja a hi\u00e1nyoss\u00e1gokat, az \u00dcgyf\u00e9l k\u00f6teles a sz\u00e1mla teljes \u00f6sszeg\u00e9t megfizetni.<\/li>\n\n\n\n<li>Amennyiben a HELPERS a k\u00f6z\u00f6sen meg\u00e1llap\u00edtott meghosszabb\u00edtott hat\u00e1rid\u0151n bel\u00fcl nem tudja orvosolni a hi\u00e1nyoss\u00e1gokat, az \u00dcgyf\u00e9l felmondhatja a szerz\u0151d\u00e9st, vagy d\u00edjcs\u00f6kkent\u00e9st k\u00e9rhet. Kisebb hib\u00e1k eset\u00e9n az \u00dcgyf\u00e9l nem jogosult a szerz\u0151d\u00e9s felbont\u00e1s\u00e1ra.<\/li>\n<\/ol>\n\n\n\n<h2 class=\"wp-block-heading\">7. K\u00e1rt\u00e9r\u00edt\u00e9s<\/h2>\n\n\n\n<ol class=\"wp-block-list\">\n<li>A HELPERS a Polg\u00e1ri T\u00f6rv\u00e9nyk\u00f6nyv \u00e1ltal\u00e1nos szab\u00e1lyai szerint felel az \u00dcgyf\u00e9lnek okozott k\u00e1rok\u00e9rt. A HELPERS nem v\u00e1llal felel\u0151ss\u00e9get az \u00dcgyf\u00e9l \u00e1ltal elszenvedett olyan k\u00e1rok\u00e9rt, melyeket az \u00dcgyf\u00e9l int\u00e9zked\u00e9se vagy int\u00e9zked\u00e9s\u00e9nek elmulaszt\u00e1sa okoz. A HELPERS nem felel az \u00dcgyf\u00e9l nyeres\u00e9g\u00e9nek elveszt\u00e9s\u00e9\u00e9rt. A HELPERS semmilyen k\u00f6r\u00fclm\u00e9nyek k\u00f6z\u00f6tt nem v\u00e1llal felel\u0151ss\u00e9get a k\u00e1rokoz\u00e1s egy\u00e9b form\u00e1ihoz kapcsol\u00f3d\u00f3 k\u00e1rok\u00e9rt, p\u00e9ld\u00e1ul k\u00f6vetkezm\u00e9nyes k\u00e1r\u00e9rt, a nyeres\u00e9g elveszt\u00e9s\u00e9\u00e9rt vagy egy\u00e9b vesztes\u00e9g\u00e9rt.<\/li>\n\n\n\n<li>A HELPERS a szolg\u00e1ltat\u00e1si d\u00edj legfeljebb 50%-\u00e1ig k\u00f6teles megt\u00e9r\u00edteni a bizony\u00edtott k\u00e1rokat, lesz\u00e1m\u00edtva a fizetend\u0151 ad\u00f3kat, de a k\u00e1rt\u00e9r\u00edt\u00e9si \u00f6sszeg semmilyen esetben sem haladhatja meg a megb\u00edz\u00e1sonk\u00e9nti 200 eur\u00f3t.<\/li>\n<\/ol>\n\n\n\n<h2 class=\"wp-block-heading\">8. Fizet\u00e9s<\/h2>\n\n\n\n<ol class=\"wp-block-list\">\n<li>Hacsak a felek \u00edr\u00e1sban m\u00e1sk\u00e9nt nem \u00e1llapodnak meg, az \u00dcgyf\u00e9l v\u00e1llalja, hogy a megegyez\u00e9s szerinti szolg\u00e1ltat\u00e1si d\u00edjat banki \u00e1tutal\u00e1ssal, hitelk\u00e1rty\u00e1val vagy k\u00e9szp\u00e9nzzel el\u0151re fizeti meg, m\u00e9g miel\u0151tt a HELPERS megkezdi a szolg\u00e1ltat\u00e1s ny\u00fajt\u00e1s\u00e1t.<\/li>\n\n\n\n<li>K\u00e9sedelmes fizet\u00e9s eset\u00e9n az \u00dcgyf\u00e9l k\u00f6teles az alkalmazand\u00f3 k\u00e9sedelmi kamatot megfizetni.<\/li>\n\n\n\n<li>Az \u00dcgyf\u00e9l k\u00e9sedelmes fizet\u00e9se eset\u00e9n a HELPERS fenntartja mag\u00e1nak a jogot arra, hogy felf\u00fcggessze az \u00dcgyf\u00e9l \u00e1ltal adott minden folyamatban l\u00e9v\u0151 megb\u00edz\u00e1st, am\u00edg az \u00dcgyf\u00e9l az esed\u00e9kes szolg\u00e1ltat\u00e1si d\u00edj teljes \u00f6sszeg\u00e9t meg nem fizeti. Ez a rendelkez\u00e9s az \u00dcgyf\u00e9l olyan megb\u00edz\u00e1saira is vonatkozik, melyekre vonatkoz\u00f3an a HELPERS fix sz\u00e1ll\u00edt\u00e1si hat\u00e1rid\u0151t v\u00e1llalt.<\/li>\n\n\n\n<li>Megb\u00edz\u00e1s t\u00f6rl\u00e9se eset\u00e9n az \u00dcgyf\u00e9l a megb\u00edz\u00e1s megval\u00f3sul\u00e1s\u00e1nak m\u00e9rt\u00e9k\u00e9vel ford\u00edtott ar\u00e1nyban visszat\u00e9r\u00edt\u00e9st kaphat.<\/li>\n<\/ol>\n\n\n\n<h2 class=\"wp-block-heading\">9. Szerz\u0151i jogok<\/h2>\n\n\n\n<ol class=\"wp-block-list\">\n<li>Hacsak a Felek err\u0151l kifejezetten, \u00edr\u00e1sban m\u00e1sk\u00e9pp nem rendelkeznek, a HELPERS \u00e1ltal k\u00e9sz\u00edtett dokumentumok szerz\u0151i joga a HELPERS-t illeti. A sz\u00e1ml\u00e1n felt\u00fcntetett teljes \u00f6sszegnek a HELPERS fizet\u00e9si felt\u00e9telei szerinti megfizet\u00e9se ut\u00e1n a dokumentum szerz\u0151i joga \u00e1tker\u00fcl az \u00dcgyf\u00e9lhez. B\u00e1rmely term\u00e9k b\u00e1rmilyen, a d\u00edjak \u00e9s k\u00f6lts\u00e9gek teljes kifizet\u00e9s\u00e9nek k\u00e9zhezv\u00e9tele el\u0151tt t\u00f6rt\u00e9n\u0151 felhaszn\u00e1l\u00e1sa a HELPERS \u00e1ltal ny\u00fajtott szolg\u00e1ltat\u00e1s teljes k\u00f6r\u0171 elfogad\u00e1s\u00e1nak min\u0151s\u00fcl.<\/li>\n\n\n\n<li>Az \u00dcgyf\u00e9l k\u00f6teles k\u00e1rtalan\u00edtani a HELPERS-t a tulajdonjogok, a szabadalmi jogok, a szerz\u0151i jogok vagy a szellemi tulajdonjogok \u00e1ll\u00edt\u00f3lagos megs\u00e9rt\u00e9se tekintet\u00e9ben a szerz\u0151d\u00e9s teljes\u00edt\u00e9s\u00e9\u00e9rt harmadik felek k\u00e1rt\u00e9r\u00edt\u00e9si ig\u00e9nyeivel szemben.<\/li>\n<\/ol>\n\n\n\n<h2 class=\"wp-block-heading\">10. Ir\u00e1nyad\u00f3 jog<\/h2>\n\n\n\n<ol class=\"wp-block-list\">\n<li>Az \u00dcgyf\u00e9l \u00e9s a HELPERS k\u00f6z\u00f6tti valamennyi jogviszonyra a magyar jog az ir\u00e1nyad\u00f3. Valamennyi jogvita Budapest, Magyarorsz\u00e1g joghat\u00f3s\u00e1ga al\u00e1 tartozik.<\/li>\n<\/ol>\n","protected":false},"excerpt":{"rendered":"<p>1. Az \u00c1ltal\u00e1nos Szerz\u0151d\u00e9si Felt\u00e9telek hat\u00e1lya \u00e9s t\u00e1rgya A jelen az \u00c1ltal\u00e1nos Szerz\u0151d\u00e9si Felt\u00e9telek (\u201e\u00c1SZF\u201d) a HELPERS Hungary (\u201eHELPERS\u201d) (a HELPERS Hungary Kft. \u00e1ltal m\u0171k\u00f6dtetett v\u00e1llalkoz\u00e1s) \u00e9s az \u00fcgyf\u00e9l (az \u201e\u00dcgyf\u00e9l\u201d) k\u00f6z\u00f6tti szolg\u00e1ltat\u00e1si szerz\u0151d\u00e9s alapj\u00e1t k\u00e9pezik, \u00e9s a bev\u00e1ndorl\u00e1si \u00e9s \u00fczleti szolg\u00e1ltat\u00e1sok keret\u00e9ben k\u00f6z\u00f6tt\u00fck l\u00e9trej\u00f6tt valamennyi jogviszonyra vonatkoznak. Azzal, hogy az \u00fcgyf\u00e9l megb\u00edz\u00e1st k\u00fcld a [&hellip;]<\/p>\n","protected":false},"author":8,"featured_media":0,"parent":0,"menu_order":0,"comment_status":"closed","ping_status":"closed","template":"page-legal.php","meta":{"_acf_changed":false,"footnotes":""},"class_list":["post-42222","page","type-page","status-publish","hentry"],"yoast_head":"<!-- This site is optimized with the Yoast SEO plugin v27.3 - https:\/\/yoast.com\/product\/yoast-seo-wordpress\/ -->\n<title>\u00c1LTAL\u00c1NOS SZERZ\u0150D\u00c9SI FELT\u00c9TELEK - Helpers Hungary<\/title>\n<meta name=\"description\" content=\"Az \u00c1ltal\u00e1nos Szerz\u0151d\u00e9si Felt\u00e9telek a HELPERS \u00e9s az \u00fcgyf\u00e9l k\u00f6z\u00f6tti szolg\u00e1ltat\u00e1sok alapj\u00e1t k\u00e9pezik minden \u00edgy l\u00e9trej\u00f6tt jogviszonyra vonatkoz\u00f3an.\" \/>\n<meta name=\"robots\" content=\"index, follow, max-snippet:-1, max-image-preview:large, max-video-preview:-1\" \/>\n<link rel=\"canonical\" href=\"https:\/\/helpers.hu\/hu\/terms-and-conditions\/\" \/>\n<meta property=\"og:locale\" content=\"hu_HU\" \/>\n<meta property=\"og:type\" content=\"article\" \/>\n<meta property=\"og:title\" content=\"\u00c1LTAL\u00c1NOS SZERZ\u0150D\u00c9SI FELT\u00c9TELEK - Helpers Hungary\" \/>\n<meta property=\"og:description\" content=\"Az \u00c1ltal\u00e1nos Szerz\u0151d\u00e9si Felt\u00e9telek a HELPERS \u00e9s az \u00fcgyf\u00e9l k\u00f6z\u00f6tti szolg\u00e1ltat\u00e1sok alapj\u00e1t k\u00e9pezik minden \u00edgy l\u00e9trej\u00f6tt jogviszonyra vonatkoz\u00f3an.\" \/>\n<meta property=\"og:url\" content=\"https:\/\/helpers.hu\/hu\/terms-and-conditions\/\" \/>\n<meta property=\"og:site_name\" content=\"Helpers Hungary\" \/>\n<meta property=\"article:modified_time\" content=\"2025-07-18T15:26:30+00:00\" \/>\n<meta name=\"twitter:card\" content=\"summary_large_image\" \/>\n<meta name=\"twitter:label1\" content=\"Becs\u00fclt olvas\u00e1si id\u0151\" \/>\n\t<meta name=\"twitter:data1\" content=\"6 perc\" \/>\n<script type=\"application\/ld+json\" class=\"yoast-schema-graph\">{\"@context\":\"https:\\\/\\\/schema.org\",\"@graph\":[{\"@type\":\"WebPage\",\"@id\":\"https:\\\/\\\/helpers.hu\\\/hu\\\/terms-and-conditions\\\/\",\"url\":\"https:\\\/\\\/helpers.hu\\\/hu\\\/terms-and-conditions\\\/\",\"name\":\"\u00c1LTAL\u00c1NOS SZERZ\u0150D\u00c9SI FELT\u00c9TELEK - Helpers Hungary\",\"isPartOf\":{\"@id\":\"https:\\\/\\\/helpers.hu\\\/hu\\\/#website\"},\"datePublished\":\"2024-03-27T12:31:44+00:00\",\"dateModified\":\"2025-07-18T15:26:30+00:00\",\"description\":\"Az \u00c1ltal\u00e1nos Szerz\u0151d\u00e9si Felt\u00e9telek a HELPERS \u00e9s az \u00fcgyf\u00e9l k\u00f6z\u00f6tti szolg\u00e1ltat\u00e1sok alapj\u00e1t k\u00e9pezik minden \u00edgy l\u00e9trej\u00f6tt jogviszonyra vonatkoz\u00f3an.\",\"breadcrumb\":{\"@id\":\"https:\\\/\\\/helpers.hu\\\/hu\\\/terms-and-conditions\\\/#breadcrumb\"},\"inLanguage\":\"hu\",\"potentialAction\":[{\"@type\":\"ReadAction\",\"target\":[\"https:\\\/\\\/helpers.hu\\\/hu\\\/terms-and-conditions\\\/\"]}]},{\"@type\":\"BreadcrumbList\",\"@id\":\"https:\\\/\\\/helpers.hu\\\/hu\\\/terms-and-conditions\\\/#breadcrumb\",\"itemListElement\":[{\"@type\":\"ListItem\",\"position\":1,\"name\":\"Home\",\"item\":\"https:\\\/\\\/helpers.hu\\\/hu\\\/\"},{\"@type\":\"ListItem\",\"position\":2,\"name\":\"\u00c1LTAL\u00c1NOS SZERZ\u0150D\u00c9SI FELT\u00c9TELEK\"}]},{\"@type\":\"WebSite\",\"@id\":\"https:\\\/\\\/helpers.hu\\\/hu\\\/#website\",\"url\":\"https:\\\/\\\/helpers.hu\\\/hu\\\/\",\"name\":\"Helpers Hungary\",\"description\":\"\",\"potentialAction\":[{\"@type\":\"SearchAction\",\"target\":{\"@type\":\"EntryPoint\",\"urlTemplate\":\"https:\\\/\\\/helpers.hu\\\/hu\\\/?s={search_term_string}\"},\"query-input\":{\"@type\":\"PropertyValueSpecification\",\"valueRequired\":true,\"valueName\":\"search_term_string\"}}],\"inLanguage\":\"hu\"}]}<\/script>\n<!-- \/ Yoast SEO plugin. -->","yoast_head_json":{"title":"\u00c1LTAL\u00c1NOS SZERZ\u0150D\u00c9SI FELT\u00c9TELEK - Helpers Hungary","description":"Az \u00c1ltal\u00e1nos Szerz\u0151d\u00e9si Felt\u00e9telek a HELPERS \u00e9s az \u00fcgyf\u00e9l k\u00f6z\u00f6tti szolg\u00e1ltat\u00e1sok alapj\u00e1t k\u00e9pezik minden \u00edgy l\u00e9trej\u00f6tt jogviszonyra vonatkoz\u00f3an.","robots":{"index":"index","follow":"follow","max-snippet":"max-snippet:-1","max-image-preview":"max-image-preview:large","max-video-preview":"max-video-preview:-1"},"canonical":"https:\/\/helpers.hu\/hu\/terms-and-conditions\/","og_locale":"hu_HU","og_type":"article","og_title":"\u00c1LTAL\u00c1NOS SZERZ\u0150D\u00c9SI FELT\u00c9TELEK - Helpers Hungary","og_description":"Az \u00c1ltal\u00e1nos Szerz\u0151d\u00e9si Felt\u00e9telek a HELPERS \u00e9s az \u00fcgyf\u00e9l k\u00f6z\u00f6tti szolg\u00e1ltat\u00e1sok alapj\u00e1t k\u00e9pezik minden \u00edgy l\u00e9trej\u00f6tt jogviszonyra vonatkoz\u00f3an.","og_url":"https:\/\/helpers.hu\/hu\/terms-and-conditions\/","og_site_name":"Helpers Hungary","article_modified_time":"2025-07-18T15:26:30+00:00","twitter_card":"summary_large_image","twitter_misc":{"Becs\u00fclt olvas\u00e1si id\u0151":"6 perc"},"schema":{"@context":"https:\/\/schema.org","@graph":[{"@type":"WebPage","@id":"https:\/\/helpers.hu\/hu\/terms-and-conditions\/","url":"https:\/\/helpers.hu\/hu\/terms-and-conditions\/","name":"\u00c1LTAL\u00c1NOS SZERZ\u0150D\u00c9SI FELT\u00c9TELEK - Helpers Hungary","isPartOf":{"@id":"https:\/\/helpers.hu\/hu\/#website"},"datePublished":"2024-03-27T12:31:44+00:00","dateModified":"2025-07-18T15:26:30+00:00","description":"Az \u00c1ltal\u00e1nos Szerz\u0151d\u00e9si Felt\u00e9telek a HELPERS \u00e9s az \u00fcgyf\u00e9l k\u00f6z\u00f6tti szolg\u00e1ltat\u00e1sok alapj\u00e1t k\u00e9pezik minden \u00edgy l\u00e9trej\u00f6tt jogviszonyra vonatkoz\u00f3an.","breadcrumb":{"@id":"https:\/\/helpers.hu\/hu\/terms-and-conditions\/#breadcrumb"},"inLanguage":"hu","potentialAction":[{"@type":"ReadAction","target":["https:\/\/helpers.hu\/hu\/terms-and-conditions\/"]}]},{"@type":"BreadcrumbList","@id":"https:\/\/helpers.hu\/hu\/terms-and-conditions\/#breadcrumb","itemListElement":[{"@type":"ListItem","position":1,"name":"Home","item":"https:\/\/helpers.hu\/hu\/"},{"@type":"ListItem","position":2,"name":"\u00c1LTAL\u00c1NOS SZERZ\u0150D\u00c9SI FELT\u00c9TELEK"}]},{"@type":"WebSite","@id":"https:\/\/helpers.hu\/hu\/#website","url":"https:\/\/helpers.hu\/hu\/","name":"Helpers Hungary","description":"","potentialAction":[{"@type":"SearchAction","target":{"@type":"EntryPoint","urlTemplate":"https:\/\/helpers.hu\/hu\/?s={search_term_string}"},"query-input":{"@type":"PropertyValueSpecification","valueRequired":true,"valueName":"search_term_string"}}],"inLanguage":"hu"}]}},"acf":[],"_links":{"self":[{"href":"https:\/\/helpers.hu\/hu\/wp-json\/wp\/v2\/pages\/42222","targetHints":{"allow":["GET"]}}],"collection":[{"href":"https:\/\/helpers.hu\/hu\/wp-json\/wp\/v2\/pages"}],"about":[{"href":"https:\/\/helpers.hu\/hu\/wp-json\/wp\/v2\/types\/page"}],"author":[{"embeddable":true,"href":"https:\/\/helpers.hu\/hu\/wp-json\/wp\/v2\/users\/8"}],"replies":[{"embeddable":true,"href":"https:\/\/helpers.hu\/hu\/wp-json\/wp\/v2\/comments?post=42222"}],"version-history":[{"count":1,"href":"https:\/\/helpers.hu\/hu\/wp-json\/wp\/v2\/pages\/42222\/revisions"}],"predecessor-version":[{"id":42226,"href":"https:\/\/helpers.hu\/hu\/wp-json\/wp\/v2\/pages\/42222\/revisions\/42226"}],"wp:attachment":[{"href":"https:\/\/helpers.hu\/hu\/wp-json\/wp\/v2\/media?parent=42222"}],"curies":[{"name":"wp","href":"https:\/\/api.w.org\/{rel}","templated":true}]}}