{"id":42279,"date":"2024-03-27T14:53:20","date_gmt":"2024-03-27T14:53:20","guid":{"rendered":"https:\/\/helpers.hu\/careers\/"},"modified":"2026-03-27T12:27:23","modified_gmt":"2026-03-27T12:27:23","slug":"careers","status":"publish","type":"page","link":"https:\/\/helpers.hu\/hu\/careers\/","title":{"rendered":"J\u00f3 kezekben a karriered"},"content":{"rendered":"\n<p>Tal\u00e1ld meg a helyed a Helpersn\u00e9l, \u00e9s \u00e9p\u00edtsd a karriered Magyarorsz\u00e1g vezet\u0151 \u00fczleti \u00e9s bev\u00e1ndorl\u00e1si szolg\u00e1ltat\u00f3j\u00e1n\u00e1l! Milyen \u00e1ll\u00e1st keresel?<\/p>\n\n\n\n<p class=\"has-text-align-center\"><strong><mark style=\"background-color:rgba(0, 0, 0, 0);color:#ed184a\" class=\"has-inline-color\"><em>Jelenleg nincs \u00fcresed\u00e9s. Gyere vissza m\u00e1skor!<\/em><\/mark><\/strong><\/p>\n\n\n\n<p><\/p>\n\n\n\n<hr class=\"wp-block-separator has-alpha-channel-opacity\"\/>\n\n\n\n<p><\/p>\n\n\n\n<h2 class=\"wp-block-heading\">Kik vagyunk?<\/h2>\n\n\n\n<p>A Helpers \u00e1tfog\u00f3 \u00fczleti \u00e9s szem\u00e9lyi asszisztenci\u00e1t ny\u00fajt nemzetk\u00f6zi \u00fczletembereknek. Ez azt jelenti, hogy expatoknak, vagyis Magyarorsz\u00e1gon lak\u00f3, itt dolgoz\u00f3 vagy itt v\u00e1llalkoz\u00f3 k\u00fclf\u00f6ldieknek seg\u00edt\u00fcnk k\u00fcl\u00f6nf\u00e9le adminisztrat\u00edv \u00fcgyeiket elint\u00e9zni. Ebbe beletartozik a tart\u00f3zkod\u00e1si \u00e9s a munkav\u00e1llal\u00e1si enged\u00e9ly, valamint az \u00e1llampolg\u00e1rs\u00e1g k\u00e9relmez\u00e9se, de a c\u00e9galap\u00edt\u00e1s \u00e9s a k\u00f6nyvel\u00e9s is.<\/p>\n\n\n\n<p>Csapatunk t\u00f6bb mint h\u00fasz f\u0151t sz\u00e1ml\u00e1l, \u00e9s mind elk\u00f6telezetten dolgozunk az\u00e9rt, hogy minden helyzetben megtal\u00e1ljuk az \u00fcgyfeleink sz\u00e1m\u00e1ra legjobb megold\u00e1st. Mivel \u00fcgyfeleink t\u00f6bbs\u00e9ge nem magyar, \u00e9s munkat\u00e1rsaink k\u00f6z\u00f6tt is vannak k\u00fclf\u00f6ldiek, az irod\u00e1ban az angol a munkanyelv \u2013 de ne t\u00e1ntor\u00edtson el, ha nem \u00e9rzed betonbiztosnak az angoltud\u00e1sod! A tapasztalat azt mutatja, hogy mindenki el\u00e9g hamar felszedi a munkak\u00f6r\u00e9hez sz\u00fcks\u00e9ges nyelvtud\u00e1st. Jelentkezz b\u00e1tran!<\/p>\n\n\n<div class=\"wp-block-image\">\n<figure class=\"aligncenter size-full\"><img loading=\"lazy\" decoding=\"async\" width=\"1000\" height=\"617\" src=\"https:\/\/helpers.hu\/wp-content\/uploads\/2024\/12\/team-1.jpg\" alt=\"\" class=\"wp-image-50341\" srcset=\"https:\/\/helpers.hu\/wp-content\/uploads\/2024\/12\/team-1.jpg 1000w, https:\/\/helpers.hu\/wp-content\/uploads\/2024\/12\/team-1-300x185.jpg 300w, https:\/\/helpers.hu\/wp-content\/uploads\/2024\/12\/team-1-768x474.jpg 768w\" sizes=\"auto, (max-width: 1000px) 100vw, 1000px\" \/><\/figure>\n<\/div>\n\n\n<p><\/p>\n\n\n\n<h2 class=\"wp-block-heading\">\u00c9rt\u00e9keink<\/h2>\n\n\n\n<h3 class=\"wp-block-heading\">Seg\u00edt\u0151k\u00e9szs\u00e9g<\/h3>\n\n\n\n<p>Ahogy a c\u00e9g nev\u00e9b\u0151l sejthet\u0151, itt a Helpersn\u00e9l mind sz\u00edvesen dolgozunk az\u00e9rt, hogy seg\u00edts\u00fcnk megval\u00f3s\u00edtani az emberek c\u00e9ljait. Amellett, hogy seg\u00edt\u00fcnk \u00fcgyfeleinknek a bev\u00e1ndorl\u00e1shoz \u00e9s a c\u00e9galap\u00edt\u00e1shoz sz\u00fcks\u00e9ges pap\u00edrmunk\u00e1ban, egym\u00e1snak is seg\u00edt\u00fcnk az irod\u00e1ban a napi munka sor\u00e1n. Ezen k\u00edv\u00fcl rendszeresen vesz\u00fcnk r\u00e9szt k\u00fcl\u00f6nb\u00f6z\u0151 j\u00f3t\u00e9konys\u00e1gi esem\u00e9nyeken.<\/p>\n\n\n\n<h3 class=\"wp-block-heading\">Stabilit\u00e1s<\/h3>\n\n\n\n<p>A Helpers 2005-\u00f6s alap\u00edt\u00e1sa \u00f3ta lassan, de biztosan n\u00f6vekszik. Folyamatosan keress\u00fck a szak\u00e9rtelm\u00fcnkh\u00f6z passzol\u00f3 \u00faj lehet\u0151s\u00e9geket, fejlesztj\u00fck a m\u00e1r meglev\u0151 tud\u00e1sunkat, alkalmazkodunk az aktu\u00e1lis trendekhez. A koll\u00e9g\u00e1k munkak\u00f6re id\u0151nk\u00e9nt v\u00e1ltozik, de am\u00edg hajland\u00f3 vagy \u00faj k\u00e9szs\u00e9geket elsaj\u00e1t\u00edtani, mindig lesz helyed a csapatban. Szervezeti strukt\u00far\u00e1nkat \u00fagy alak\u00edtottuk ki, hogy legyen benne hely az egy\u00e9ni fejl\u0151d\u00e9sre \u00e9s a szakmai el\u0151menetelre is.<\/p>\n\n\n\n<h3 class=\"wp-block-heading\">Szak\u00e9rtelem<\/h3>\n\n\n\n<p>Koll\u00e9g\u00e1ink mind remek\u00fcl \u00e9rtenek a munk\u00e1jukhoz, \u00e9s mindig sz\u00edvesen tanulnak \u00faj dolgokat. A csapat tagjak\u00e9nt minden t\u00e1mogat\u00e1st megkapsz majd ahhoz, hogy megtanuld, hogyan tudod a lehet\u0151 leghat\u00e9konyabban elv\u00e9gezni az \u00faj munkak\u00f6r\u00f6ddel j\u00e1r\u00f3 feladatokat, mik\u00f6zben egy\u00e9ni fejleszt\u00e9si c\u00e9lokat is kit\u0171zhetsz magad el\u00e9 a mentoroddal, aki az egyik senior koll\u00e9ga lesz. Emellett rendszeresen szervez\u00fcnk k\u00e9pz\u00e9seket, ahol k\u00f6zelebbr\u0151l is megismerkedhetsz ak\u00e1r a c\u00e9gn\u00e9l haszn\u00e1lt sz\u00e1m\u00edt\u00f3g\u00e9pes programokkal, ak\u00e1r az asszert\u00edv kommunik\u00e1ci\u00f3 strat\u00e9gi\u00e1ival, illetve sz\u00e1mos m\u00e1s k\u00e9szs\u00e9get is elsaj\u00e1t\u00edthatsz.<\/p>\n\n\n\n<h3 class=\"wp-block-heading\">Soksz\u00edn\u0171s\u00e9g<\/h3>\n\n\n\n<p>A vil\u00e1g minden t\u00e1j\u00e1r\u00f3l \u00e9rkeznek hozz\u00e1nk \u00fcgyfelek, \u00e9s a csapat tagjai k\u00f6z\u00f6tt is t\u00f6bb a k\u00fclf\u00f6ldi. A soksz\u00edn\u0171s\u00e9g el\u0151nye, hogy ugyanarra a probl\u00e9m\u00e1ra sz\u00e1mos k\u00fcl\u00f6nb\u00f6z\u0151 perspekt\u00edv\u00e1b\u00f3l van r\u00e1l\u00e1t\u00e1sunk, \u00e9s egym\u00e1s er\u0151ss\u00e9geire \u00e9p\u00edtve k\u00f6nnyebben tal\u00e1lunk jobb megold\u00e1st minden helyzetre, legyen sz\u00f3 ak\u00e1r \u00fcgyfeleink \u00fcgyeir\u0151l, ak\u00e1r az irodai k\u00f6z\u00f6s munk\u00e1r\u00f3l.<\/p>\n\n\n\n<p><\/p>\n","protected":false},"excerpt":{"rendered":"<p>Tal\u00e1ld meg a helyed a Helpersn\u00e9l, \u00e9s \u00e9p\u00edtsd a karriered Magyarorsz\u00e1g vezet\u0151 \u00fczleti \u00e9s bev\u00e1ndorl\u00e1si szolg\u00e1ltat\u00f3j\u00e1n\u00e1l! Milyen \u00e1ll\u00e1st keresel? Jelenleg nincs \u00fcresed\u00e9s. Gyere vissza m\u00e1skor! Kik vagyunk? A Helpers \u00e1tfog\u00f3 \u00fczleti \u00e9s szem\u00e9lyi asszisztenci\u00e1t ny\u00fajt nemzetk\u00f6zi \u00fczletembereknek. Ez azt jelenti, hogy expatoknak, vagyis Magyarorsz\u00e1gon lak\u00f3, itt dolgoz\u00f3 vagy itt v\u00e1llalkoz\u00f3 k\u00fclf\u00f6ldieknek seg\u00edt\u00fcnk k\u00fcl\u00f6nf\u00e9le adminisztrat\u00edv \u00fcgyeiket [&hellip;]<\/p>\n","protected":false},"author":8,"featured_media":0,"parent":0,"menu_order":0,"comment_status":"closed","ping_status":"closed","template":"page-legal.php","meta":{"_acf_changed":false,"footnotes":""},"class_list":["post-42279","page","type-page","status-publish","hentry"],"yoast_head":"<!-- This site is optimized with the Yoast SEO plugin v27.3 - https:\/\/yoast.com\/product\/yoast-seo-wordpress\/ -->\n<title>J\u00f3 kezekben a karriered - Helpers Hungary<\/title>\n<meta name=\"description\" content=\"Tal\u00e1ld meg a helyed a Helpersn\u00e9l, \u00e9s \u00e9p\u00edtsd a karriered Magyarorsz\u00e1g vezet\u0151 \u00fczleti \u00e9s bev\u00e1ndorl\u00e1si szolg\u00e1ltat\u00f3j\u00e1n\u00e1l, egy lelkes, nemzetk\u00f6zi csapatban!\" \/>\n<meta name=\"robots\" content=\"index, follow, max-snippet:-1, max-image-preview:large, max-video-preview:-1\" \/>\n<link rel=\"canonical\" href=\"https:\/\/helpers.hu\/hu\/careers\/\" \/>\n<meta property=\"og:locale\" content=\"hu_HU\" \/>\n<meta property=\"og:type\" content=\"article\" \/>\n<meta property=\"og:title\" content=\"J\u00f3 kezekben a karriered - Helpers Hungary\" \/>\n<meta property=\"og:description\" content=\"Tal\u00e1ld meg a helyed a Helpersn\u00e9l, \u00e9s \u00e9p\u00edtsd a karriered Magyarorsz\u00e1g vezet\u0151 \u00fczleti \u00e9s bev\u00e1ndorl\u00e1si szolg\u00e1ltat\u00f3j\u00e1n\u00e1l, egy lelkes, nemzetk\u00f6zi csapatban!\" \/>\n<meta property=\"og:url\" content=\"https:\/\/helpers.hu\/hu\/careers\/\" \/>\n<meta property=\"og:site_name\" content=\"Helpers Hungary\" \/>\n<meta property=\"article:modified_time\" content=\"2026-03-27T12:27:23+00:00\" \/>\n<meta property=\"og:image\" content=\"https:\/\/helpers.hu\/wp-content\/uploads\/2024\/12\/team-1.jpg\" \/>\n\t<meta property=\"og:image:width\" content=\"1000\" \/>\n\t<meta property=\"og:image:height\" content=\"617\" \/>\n\t<meta property=\"og:image:type\" content=\"image\/jpeg\" \/>\n<meta name=\"twitter:card\" content=\"summary_large_image\" \/>\n<meta name=\"twitter:label1\" content=\"Becs\u00fclt olvas\u00e1si id\u0151\" \/>\n\t<meta name=\"twitter:data1\" content=\"2 perc\" \/>\n<script type=\"application\/ld+json\" class=\"yoast-schema-graph\">{\"@context\":\"https:\\\/\\\/schema.org\",\"@graph\":[{\"@type\":\"WebPage\",\"@id\":\"https:\\\/\\\/helpers.hu\\\/hu\\\/careers\\\/\",\"url\":\"https:\\\/\\\/helpers.hu\\\/hu\\\/careers\\\/\",\"name\":\"J\u00f3 kezekben a karriered - Helpers Hungary\",\"isPartOf\":{\"@id\":\"https:\\\/\\\/helpers.hu\\\/hu\\\/#website\"},\"primaryImageOfPage\":{\"@id\":\"https:\\\/\\\/helpers.hu\\\/hu\\\/careers\\\/#primaryimage\"},\"image\":{\"@id\":\"https:\\\/\\\/helpers.hu\\\/hu\\\/careers\\\/#primaryimage\"},\"thumbnailUrl\":\"https:\\\/\\\/helpers.hu\\\/wp-content\\\/uploads\\\/2024\\\/12\\\/team-1.jpg\",\"datePublished\":\"2024-03-27T14:53:20+00:00\",\"dateModified\":\"2026-03-27T12:27:23+00:00\",\"description\":\"Tal\u00e1ld meg a helyed a Helpersn\u00e9l, \u00e9s \u00e9p\u00edtsd a karriered Magyarorsz\u00e1g vezet\u0151 \u00fczleti \u00e9s bev\u00e1ndorl\u00e1si szolg\u00e1ltat\u00f3j\u00e1n\u00e1l, egy lelkes, nemzetk\u00f6zi csapatban!\",\"breadcrumb\":{\"@id\":\"https:\\\/\\\/helpers.hu\\\/hu\\\/careers\\\/#breadcrumb\"},\"inLanguage\":\"hu\",\"potentialAction\":[{\"@type\":\"ReadAction\",\"target\":[\"https:\\\/\\\/helpers.hu\\\/hu\\\/careers\\\/\"]}]},{\"@type\":\"ImageObject\",\"inLanguage\":\"hu\",\"@id\":\"https:\\\/\\\/helpers.hu\\\/hu\\\/careers\\\/#primaryimage\",\"url\":\"https:\\\/\\\/helpers.hu\\\/wp-content\\\/uploads\\\/2024\\\/12\\\/team-1.jpg\",\"contentUrl\":\"https:\\\/\\\/helpers.hu\\\/wp-content\\\/uploads\\\/2024\\\/12\\\/team-1.jpg\"},{\"@type\":\"BreadcrumbList\",\"@id\":\"https:\\\/\\\/helpers.hu\\\/hu\\\/careers\\\/#breadcrumb\",\"itemListElement\":[{\"@type\":\"ListItem\",\"position\":1,\"name\":\"Home\",\"item\":\"https:\\\/\\\/helpers.hu\\\/hu\\\/\"},{\"@type\":\"ListItem\",\"position\":2,\"name\":\"J\u00f3 kezekben a karriered\"}]},{\"@type\":\"WebSite\",\"@id\":\"https:\\\/\\\/helpers.hu\\\/hu\\\/#website\",\"url\":\"https:\\\/\\\/helpers.hu\\\/hu\\\/\",\"name\":\"Helpers Hungary\",\"description\":\"\",\"potentialAction\":[{\"@type\":\"SearchAction\",\"target\":{\"@type\":\"EntryPoint\",\"urlTemplate\":\"https:\\\/\\\/helpers.hu\\\/hu\\\/?s={search_term_string}\"},\"query-input\":{\"@type\":\"PropertyValueSpecification\",\"valueRequired\":true,\"valueName\":\"search_term_string\"}}],\"inLanguage\":\"hu\"}]}<\/script>\n<!-- \/ Yoast SEO plugin. -->","yoast_head_json":{"title":"J\u00f3 kezekben a karriered - Helpers Hungary","description":"Tal\u00e1ld meg a helyed a Helpersn\u00e9l, \u00e9s \u00e9p\u00edtsd a karriered Magyarorsz\u00e1g vezet\u0151 \u00fczleti \u00e9s bev\u00e1ndorl\u00e1si szolg\u00e1ltat\u00f3j\u00e1n\u00e1l, egy lelkes, nemzetk\u00f6zi csapatban!","robots":{"index":"index","follow":"follow","max-snippet":"max-snippet:-1","max-image-preview":"max-image-preview:large","max-video-preview":"max-video-preview:-1"},"canonical":"https:\/\/helpers.hu\/hu\/careers\/","og_locale":"hu_HU","og_type":"article","og_title":"J\u00f3 kezekben a karriered - Helpers Hungary","og_description":"Tal\u00e1ld meg a helyed a Helpersn\u00e9l, \u00e9s \u00e9p\u00edtsd a karriered Magyarorsz\u00e1g vezet\u0151 \u00fczleti \u00e9s bev\u00e1ndorl\u00e1si szolg\u00e1ltat\u00f3j\u00e1n\u00e1l, egy lelkes, nemzetk\u00f6zi csapatban!","og_url":"https:\/\/helpers.hu\/hu\/careers\/","og_site_name":"Helpers Hungary","article_modified_time":"2026-03-27T12:27:23+00:00","og_image":[{"width":1000,"height":617,"url":"https:\/\/helpers.hu\/wp-content\/uploads\/2024\/12\/team-1.jpg","type":"image\/jpeg"}],"twitter_card":"summary_large_image","twitter_misc":{"Becs\u00fclt olvas\u00e1si id\u0151":"2 perc"},"schema":{"@context":"https:\/\/schema.org","@graph":[{"@type":"WebPage","@id":"https:\/\/helpers.hu\/hu\/careers\/","url":"https:\/\/helpers.hu\/hu\/careers\/","name":"J\u00f3 kezekben a karriered - Helpers Hungary","isPartOf":{"@id":"https:\/\/helpers.hu\/hu\/#website"},"primaryImageOfPage":{"@id":"https:\/\/helpers.hu\/hu\/careers\/#primaryimage"},"image":{"@id":"https:\/\/helpers.hu\/hu\/careers\/#primaryimage"},"thumbnailUrl":"https:\/\/helpers.hu\/wp-content\/uploads\/2024\/12\/team-1.jpg","datePublished":"2024-03-27T14:53:20+00:00","dateModified":"2026-03-27T12:27:23+00:00","description":"Tal\u00e1ld meg a helyed a Helpersn\u00e9l, \u00e9s \u00e9p\u00edtsd a karriered Magyarorsz\u00e1g vezet\u0151 \u00fczleti \u00e9s bev\u00e1ndorl\u00e1si szolg\u00e1ltat\u00f3j\u00e1n\u00e1l, egy lelkes, nemzetk\u00f6zi csapatban!","breadcrumb":{"@id":"https:\/\/helpers.hu\/hu\/careers\/#breadcrumb"},"inLanguage":"hu","potentialAction":[{"@type":"ReadAction","target":["https:\/\/helpers.hu\/hu\/careers\/"]}]},{"@type":"ImageObject","inLanguage":"hu","@id":"https:\/\/helpers.hu\/hu\/careers\/#primaryimage","url":"https:\/\/helpers.hu\/wp-content\/uploads\/2024\/12\/team-1.jpg","contentUrl":"https:\/\/helpers.hu\/wp-content\/uploads\/2024\/12\/team-1.jpg"},{"@type":"BreadcrumbList","@id":"https:\/\/helpers.hu\/hu\/careers\/#breadcrumb","itemListElement":[{"@type":"ListItem","position":1,"name":"Home","item":"https:\/\/helpers.hu\/hu\/"},{"@type":"ListItem","position":2,"name":"J\u00f3 kezekben a karriered"}]},{"@type":"WebSite","@id":"https:\/\/helpers.hu\/hu\/#website","url":"https:\/\/helpers.hu\/hu\/","name":"Helpers Hungary","description":"","potentialAction":[{"@type":"SearchAction","target":{"@type":"EntryPoint","urlTemplate":"https:\/\/helpers.hu\/hu\/?s={search_term_string}"},"query-input":{"@type":"PropertyValueSpecification","valueRequired":true,"valueName":"search_term_string"}}],"inLanguage":"hu"}]}},"acf":[],"_links":{"self":[{"href":"https:\/\/helpers.hu\/hu\/wp-json\/wp\/v2\/pages\/42279","targetHints":{"allow":["GET"]}}],"collection":[{"href":"https:\/\/helpers.hu\/hu\/wp-json\/wp\/v2\/pages"}],"about":[{"href":"https:\/\/helpers.hu\/hu\/wp-json\/wp\/v2\/types\/page"}],"author":[{"embeddable":true,"href":"https:\/\/helpers.hu\/hu\/wp-json\/wp\/v2\/users\/8"}],"replies":[{"embeddable":true,"href":"https:\/\/helpers.hu\/hu\/wp-json\/wp\/v2\/comments?post=42279"}],"version-history":[{"count":23,"href":"https:\/\/helpers.hu\/hu\/wp-json\/wp\/v2\/pages\/42279\/revisions"}],"predecessor-version":[{"id":58195,"href":"https:\/\/helpers.hu\/hu\/wp-json\/wp\/v2\/pages\/42279\/revisions\/58195"}],"wp:attachment":[{"href":"https:\/\/helpers.hu\/hu\/wp-json\/wp\/v2\/media?parent=42279"}],"curies":[{"name":"wp","href":"https:\/\/api.w.org\/{rel}","templated":true}]}}