{"id":54463,"date":"2025-06-05T10:24:16","date_gmt":"2025-06-05T10:24:16","guid":{"rendered":"https:\/\/helpers.hu\/?page_id=54463"},"modified":"2025-06-06T08:49:29","modified_gmt":"2025-06-06T08:49:29","slug":"allas-adminisztrativ-asszisztens-diak","status":"publish","type":"page","link":"https:\/\/helpers.hu\/hu\/allas-adminisztrativ-asszisztens-diak\/","title":{"rendered":"\u00c1ll\u00e1slehet\u0151s\u00e9g \u2013 Adminisztrat\u00edv asszisztens (di\u00e1k)"},"content":{"rendered":"\n<p>A&nbsp;<strong>HELPERS c\u00e9gcsoport<\/strong>&nbsp;vezet\u0151 szerepet j\u00e1tszik az \u00fczleti \u00e9s leteleped\u00e9si szolg\u00e1ltat\u00e1sok ter\u00fclet\u00e9n. F\u0151 tev\u00e9kenys\u00e9g\u00fcnk szerint \u00e1tfog\u00f3 megold\u00e1sokat k\u00edn\u00e1lunk k\u00fclf\u00f6ldi \u00fczletembereknek \u00e9s befektet\u0151knek, melyek keret\u00e9ben a c\u00e9galap\u00edt\u00e1s, k\u00f6nyvel\u00e9s, tan\u00e1csad\u00e1s \u00e9s relok\u00e1ci\u00f3s folyamataiban seg\u00e9dkez\u00fcnk nekik. Jelenleg <\/p>\n\n\n\n<h2 class=\"wp-block-heading has-text-align-center\">Adminisztrat\u00edv asszisztens (di\u00e1k)<\/h2>\n\n\n\n<p>poz\u00edci\u00f3ra keress\u00fck di\u00e1k koll\u00e9g\u00e1nkat <strong>2025. j\u00falius 7. \u00e9s augusztus 22. k\u00f6z\u00f6tti hat\u00e1rozott id\u0151re<\/strong>.<\/p>\n\n\n\n<p>\ud83d\uddd3 <strong>Munkaid\u0151:<\/strong> h\u00e9tf\u0151t\u0151l p\u00e9ntekig, <strong>napi 5 \u00f3r\u00e1ban<\/strong><br>\ud83d\udd59 <strong>Kezd\u00e9si id\u0151pont:<\/strong> megegyez\u00e9s szerint, de el\u0151nyben r\u00e9szes\u00edtj\u00fck a <strong>10:00 vagy 11:00 \u00f3r\u00e1s<\/strong> kezd\u00e9st<\/p>\n\n\n\n<h3 class=\"wp-block-heading\">Milyen feladatokra sz\u00e1m\u00edthatsz, ha csatlakozol a csapatunkhoz?<\/h3>\n\n\n\n<ul class=\"wp-block-list\">\n<li>\u00c1ltal\u00e1nos irodai feladatokat l\u00e1tsz el, kezeled a k\u00f6zponti sz\u00e1munkra \u00e9rkez\u0151 telefonh\u00edv\u00e1sainkat, fogadod az irod\u00e1ba \u00e9rkez\u0151 \u00fcgyfeleinket \u00e9s kisebb beszerz\u00e9seket bonyol\u00edtasz a v\u00e1rosban.<\/li>\n\n\n\n<li>El\u0151k\u00e9sz\u00edted a szenior koll\u00e9g\u00e1k \u00e1ltal k\u00e9rt dokumentumokat, szolg\u00e1ltat\u00e1si meg\u00e1llapod\u00e1sokat, meghatalmaz\u00e1sokat, szolg\u00e1ltat\u00e1sainkhoz k\u00f6t\u0151d\u0151 egy\u00e9b nyomtatv\u00e1nyainkat \u00e9s gondoskodsz arr\u00f3l, hogy minden pap\u00edrmunka pontosan \u00e9s a kijel\u00f6lt hat\u00e1rid\u0151re elk\u00e9sz\u00fclj\u00f6n.<\/li>\n\n\n\n<li>Ad\u00f3azonos\u00edt\u00f3 jeleket ig\u00e9nyelsz meghatalmaz\u00e1ssal.<\/li>\n\n\n\n<li>Szem\u00e9lyesen seg\u00edtesz \u00fcgyfeleinknek az idegenrend\u00e9szeti, korm\u00e1nyhivatali, banki vagy konzul\u00e1tusi \u00fcgyint\u00e9z\u00e9sek sor\u00e1n.<\/li>\n\n\n\n<li>Dokumentumford\u00edt\u00e1sokat veszel \u00e1t az Orsz\u00e1gos Ford\u00edt\u00f3 Irod\u00e1ban, illetve seg\u00e9dkezel a k\u00f6zjegyz\u0151i hiteles\u00edt\u00e9sek int\u00e9z\u00e9s\u00e9ben k\u00fcls\u0151 helysz\u00edneken.<\/li>\n\n\n\n<li>Kimen\u0151 leveleink felad\u00e1s\u00e1t int\u00e9zed \u00e9s bej\u00f6v\u0151 leveleinket \u00f6sszegy\u0171jt\u00f6d, szort\u00edrozod, szkenneled.<\/li>\n\n\n\n<li>A szolg\u00e1ltat\u00e1sok kivitelez\u00e9s\u00e9vel kapcsolatos irodai adminisztr\u00e1ci\u00f3ban \u00e9s \u00fcgyf\u00e9lkezel\u00e9sben seg\u00e9dkezel (telefonokat, szkennelsz, dokumentumokat rendezel, fut\u00e1rt rendelsz).<\/li>\n<\/ul>\n\n\n\n<h3 class=\"wp-block-heading\">Mi\u00e9rt lehet Neked izgalmas ez a lehet\u0151s\u00e9g?<\/h3>\n\n\n\n<p>\u00d6n\u00e1ll\u00f3, felel\u0151ss\u00e9gteljes munkak\u00f6rben dolgozhatsz. Akt\u00edvan belel\u00e1thatsz egy c\u00e9g m\u0171k\u00f6d\u00e9s\u00e9be, \u00e9s gyakorlati tapasztalatot szerezhetsz \u00fcgyf\u00e9lkezel\u00e9s \u00e9s irodai adminisztr\u00e1ci\u00f3 ter\u00e9n. Nem az \u00e1tlagos folyamatosan sz\u00e1m\u00edt\u00f3g\u00e9p el\u0151tt \u00fccs\u00f6rg\u0151 feladatokra kell sz\u00e1m\u00edts kiz\u00e1r\u00f3lag: a legt\u00f6bb napra jutni fog v\u00e1rosban t\u00f6rt\u00e9n\u0151 \u00fcgyint\u00e9z\u00e9s is. Ha szereted a mozgalmasabb feladatokat, ez a lehet\u0151s\u00e9g tetszeni fog. Emellett az irodai feladataidat kellemes, modern irodah\u00e1zban v\u00e9gezheted Budapest egyik leggyorsabban fejl\u0151d\u0151 negyed\u00e9ben, a Budaparton.<\/p>\n\n\n\n<h3 class=\"wp-block-heading\">Kit keres\u00fcnk?<\/h3>\n\n\n\n<ul class=\"wp-block-list\">\n<li>\u00dcgyfeleink munkanyelve az angol, ez\u00e9rt fontos, hogy <strong>akt\u00edv, t\u00e1rgyal\u00f3k\u00e9pes angol, emellett magyar nyelvtud\u00e1sod legyen<\/strong>.<\/li>\n\n\n\n<li><strong>P\u00e1lyakezd\u0151k jelentkez\u00e9s\u00e9t is v\u00e1rjuk,<\/strong> de el\u0151nyt jelent, ha rendelkezel <strong>1-2 h\u00f3nap gyakorlattal \u00fcgyf\u00e9lkapcsolattart\u00e1sban vagy irodai adminisztr\u00e1ci\u00f3s ter\u00fcleten<\/strong>.<\/li>\n\n\n\n<li>L\u00e9gy \u00f6n\u00e1ll\u00f3, pontos \u00e9s j\u00f3 probl\u00e9mamegold\u00f3 k\u00e9szs\u00e9ggel rendelkezz.<\/li>\n\n\n\n<li>El\u0151ny, ha kezelt\u00e9l m\u00e1r CRM szoftvereket.<\/li>\n\n\n\n<li>\u00d3rad\u00edjunk: brutt\u00f3 2360 Ft<\/li>\n<\/ul>\n\n\n\n<h3 class=\"wp-block-heading\">Hogyan tudsz jelentkezni, \u00e9s mire sz\u00e1m\u00edthatsz a kiv\u00e1laszt\u00e1si folyamatunkban?<\/h3>\n\n\n\n<p>Ha sz\u00edvesen csatlakozn\u00e1l hozz\u00e1nk, k\u00e9rlek, <strong>k\u00fcldd el angol nyelv\u0171 szakmai \u00f6n\u00e9letrajzodat a <a href=\"mailto:hr@helpers.hu\">hr@helpers.hu<\/a> c\u00edmre<\/strong>!<\/p>\n\n\n\n<ul class=\"wp-block-list\">\n<li>Amennyiben relev\u00e1nsnak tartjuk a szakmai h\u00e1tteredet,&nbsp;felvessz\u00fck veled a kapcsolatot,&nbsp;\u00e9s egy <strong>15-20 perces telefonbesz\u00e9lget\u00e9s<\/strong> keret\u00e9ben t\u00f6bbet is megtudhatsz a poz\u00edci\u00f3r\u00f3l \u00e9s a c\u00e9gr\u0151l.<\/li>\n\n\n\n<li>A k\u00f6vetkez\u0151 l\u00e9p\u00e9s egy kb. <strong>40 perces szem\u00e9lyes tal\u00e1lkoz\u00f3<\/strong> az irod\u00e1ban, ahol az oper\u00e1ci\u00f3s vezet\u0151vel \u00e9s a HR generalist\u00e1nkkal tal\u00e1lkozol. Ha szeretn\u00e9d, sz\u00edvesen k\u00f6rbevezet\u00fcnk az irod\u00e1nkban, megmutatjuk a leend\u0151 asztalodat.<\/li>\n\n\n\n<li>Szem\u00e9lyes interj\u00fadat k\u00f6vet\u0151en telefonon <strong>\u00e9rtes\u00edt\u00fcnk a p\u00e1ly\u00e1zatod eredm\u00e9ny\u00e9r\u0151l<\/strong>.<\/li>\n<\/ul>\n\n\n\n<div class=\"wp-block-buttons is-content-justification-center is-layout-flex wp-container-core-buttons-is-layout-16018d1d wp-block-buttons-is-layout-flex\">\n<div class=\"wp-block-button\"><a class=\"wp-block-button__link has-background has-text-align-center wp-element-button\" href=\"mailto:hr@helpers.hu\" style=\"background-color:#ed184a\">Jelentkez\u00e9s<\/a><\/div>\n<\/div>\n\n\n\n<p><\/p>\n\n\n<div class=\"wp-block-image\">\n<figure class=\"aligncenter size-full\"><img loading=\"lazy\" decoding=\"async\" width=\"1000\" height=\"617\" src=\"https:\/\/helpers.hu\/wp-content\/uploads\/2024\/12\/team-1.jpg\" alt=\"\" class=\"wp-image-50341\" srcset=\"https:\/\/helpers.hu\/wp-content\/uploads\/2024\/12\/team-1.jpg 1000w, https:\/\/helpers.hu\/wp-content\/uploads\/2024\/12\/team-1-300x185.jpg 300w, https:\/\/helpers.hu\/wp-content\/uploads\/2024\/12\/team-1-768x474.jpg 768w\" sizes=\"auto, (max-width: 1000px) 100vw, 1000px\" \/><\/figure>\n<\/div>\n\n\n<p><\/p>\n","protected":false},"excerpt":{"rendered":"<p>A&nbsp;HELPERS c\u00e9gcsoport&nbsp;vezet\u0151 szerepet j\u00e1tszik az \u00fczleti \u00e9s leteleped\u00e9si szolg\u00e1ltat\u00e1sok ter\u00fclet\u00e9n. F\u0151 tev\u00e9kenys\u00e9g\u00fcnk szerint \u00e1tfog\u00f3 megold\u00e1sokat k\u00edn\u00e1lunk k\u00fclf\u00f6ldi \u00fczletembereknek \u00e9s befektet\u0151knek, melyek keret\u00e9ben a c\u00e9galap\u00edt\u00e1s, k\u00f6nyvel\u00e9s, tan\u00e1csad\u00e1s \u00e9s relok\u00e1ci\u00f3s folyamataiban seg\u00e9dkez\u00fcnk nekik. Jelenleg Adminisztrat\u00edv asszisztens (di\u00e1k) poz\u00edci\u00f3ra keress\u00fck di\u00e1k koll\u00e9g\u00e1nkat 2025. j\u00falius 7. \u00e9s augusztus 22. k\u00f6z\u00f6tti hat\u00e1rozott id\u0151re. \ud83d\uddd3 Munkaid\u0151: h\u00e9tf\u0151t\u0151l p\u00e9ntekig, napi 5 \u00f3r\u00e1ban\ud83d\udd59 [&hellip;]<\/p>\n","protected":false},"author":8,"featured_media":0,"parent":0,"menu_order":0,"comment_status":"closed","ping_status":"closed","template":"page-legal.php","meta":{"_acf_changed":false,"footnotes":""},"class_list":["post-54463","page","type-page","status-publish","hentry"],"yoast_head":"<!-- This site is optimized with the Yoast SEO plugin v27.3 - https:\/\/yoast.com\/product\/yoast-seo-wordpress\/ -->\n<title>\u00c1ll\u00e1slehet\u0151s\u00e9g \u2013 Adminisztrat\u00edv asszisztens (di\u00e1k) - Helpers Hungary<\/title>\n<meta name=\"description\" content=\"Operat\u00edv csapatunkba keres\u00fcnk di\u00e1k munkat\u00e1rsat irodai adminisztrat\u00edv asszisztens poz\u00edci\u00f3ba a ny\u00e1ri szabads\u00e1gok idej\u00e9re. Hivatali \u00fcgyint\u00e9z\u00e9s, post\u00e1z\u00e1s.\" \/>\n<meta name=\"robots\" content=\"index, follow, max-snippet:-1, max-image-preview:large, max-video-preview:-1\" \/>\n<link rel=\"canonical\" href=\"https:\/\/helpers.hu\/hu\/allas-adminisztrativ-asszisztens-diak\/\" \/>\n<meta property=\"og:locale\" content=\"hu_HU\" \/>\n<meta property=\"og:type\" content=\"article\" \/>\n<meta property=\"og:title\" content=\"\u00c1ll\u00e1slehet\u0151s\u00e9g \u2013 Adminisztrat\u00edv asszisztens (di\u00e1k) - Helpers Hungary\" \/>\n<meta property=\"og:description\" content=\"Operat\u00edv csapatunkba keres\u00fcnk di\u00e1k munkat\u00e1rsat irodai adminisztrat\u00edv asszisztens poz\u00edci\u00f3ba a ny\u00e1ri szabads\u00e1gok idej\u00e9re. Hivatali \u00fcgyint\u00e9z\u00e9s, post\u00e1z\u00e1s.\" \/>\n<meta property=\"og:url\" content=\"https:\/\/helpers.hu\/hu\/allas-adminisztrativ-asszisztens-diak\/\" \/>\n<meta property=\"og:site_name\" content=\"Helpers Hungary\" \/>\n<meta property=\"article:modified_time\" content=\"2025-06-06T08:49:29+00:00\" \/>\n<meta property=\"og:image\" content=\"https:\/\/helpers.hu\/wp-content\/uploads\/2024\/12\/team-1.jpg\" \/>\n\t<meta property=\"og:image:width\" content=\"1000\" \/>\n\t<meta property=\"og:image:height\" content=\"617\" \/>\n\t<meta property=\"og:image:type\" content=\"image\/jpeg\" \/>\n<meta name=\"twitter:card\" content=\"summary_large_image\" \/>\n<meta name=\"twitter:label1\" content=\"Becs\u00fclt olvas\u00e1si id\u0151\" \/>\n\t<meta name=\"twitter:data1\" content=\"2 perc\" \/>\n<script type=\"application\/ld+json\" class=\"yoast-schema-graph\">{\"@context\":\"https:\\\/\\\/schema.org\",\"@graph\":[{\"@type\":\"WebPage\",\"@id\":\"https:\\\/\\\/helpers.hu\\\/hu\\\/allas-adminisztrativ-asszisztens-diak\\\/\",\"url\":\"https:\\\/\\\/helpers.hu\\\/hu\\\/allas-adminisztrativ-asszisztens-diak\\\/\",\"name\":\"\u00c1ll\u00e1slehet\u0151s\u00e9g \u2013 Adminisztrat\u00edv asszisztens (di\u00e1k) - Helpers Hungary\",\"isPartOf\":{\"@id\":\"https:\\\/\\\/helpers.hu\\\/hu\\\/#website\"},\"primaryImageOfPage\":{\"@id\":\"https:\\\/\\\/helpers.hu\\\/hu\\\/allas-adminisztrativ-asszisztens-diak\\\/#primaryimage\"},\"image\":{\"@id\":\"https:\\\/\\\/helpers.hu\\\/hu\\\/allas-adminisztrativ-asszisztens-diak\\\/#primaryimage\"},\"thumbnailUrl\":\"https:\\\/\\\/helpers.hu\\\/wp-content\\\/uploads\\\/2024\\\/12\\\/team-1.jpg\",\"datePublished\":\"2025-06-05T10:24:16+00:00\",\"dateModified\":\"2025-06-06T08:49:29+00:00\",\"description\":\"Operat\u00edv csapatunkba keres\u00fcnk di\u00e1k munkat\u00e1rsat irodai adminisztrat\u00edv asszisztens poz\u00edci\u00f3ba a ny\u00e1ri szabads\u00e1gok idej\u00e9re. Hivatali \u00fcgyint\u00e9z\u00e9s, post\u00e1z\u00e1s.\",\"breadcrumb\":{\"@id\":\"https:\\\/\\\/helpers.hu\\\/hu\\\/allas-adminisztrativ-asszisztens-diak\\\/#breadcrumb\"},\"inLanguage\":\"hu\",\"potentialAction\":[{\"@type\":\"ReadAction\",\"target\":[\"https:\\\/\\\/helpers.hu\\\/hu\\\/allas-adminisztrativ-asszisztens-diak\\\/\"]}]},{\"@type\":\"ImageObject\",\"inLanguage\":\"hu\",\"@id\":\"https:\\\/\\\/helpers.hu\\\/hu\\\/allas-adminisztrativ-asszisztens-diak\\\/#primaryimage\",\"url\":\"https:\\\/\\\/helpers.hu\\\/wp-content\\\/uploads\\\/2024\\\/12\\\/team-1.jpg\",\"contentUrl\":\"https:\\\/\\\/helpers.hu\\\/wp-content\\\/uploads\\\/2024\\\/12\\\/team-1.jpg\"},{\"@type\":\"BreadcrumbList\",\"@id\":\"https:\\\/\\\/helpers.hu\\\/hu\\\/allas-adminisztrativ-asszisztens-diak\\\/#breadcrumb\",\"itemListElement\":[{\"@type\":\"ListItem\",\"position\":1,\"name\":\"Home\",\"item\":\"https:\\\/\\\/helpers.hu\\\/hu\\\/\"},{\"@type\":\"ListItem\",\"position\":2,\"name\":\"\u00c1ll\u00e1slehet\u0151s\u00e9g \u2013 Adminisztrat\u00edv asszisztens (di\u00e1k)\"}]},{\"@type\":\"WebSite\",\"@id\":\"https:\\\/\\\/helpers.hu\\\/hu\\\/#website\",\"url\":\"https:\\\/\\\/helpers.hu\\\/hu\\\/\",\"name\":\"Helpers Hungary\",\"description\":\"\",\"potentialAction\":[{\"@type\":\"SearchAction\",\"target\":{\"@type\":\"EntryPoint\",\"urlTemplate\":\"https:\\\/\\\/helpers.hu\\\/hu\\\/?s={search_term_string}\"},\"query-input\":{\"@type\":\"PropertyValueSpecification\",\"valueRequired\":true,\"valueName\":\"search_term_string\"}}],\"inLanguage\":\"hu\"}]}<\/script>\n<!-- \/ Yoast SEO plugin. -->","yoast_head_json":{"title":"\u00c1ll\u00e1slehet\u0151s\u00e9g \u2013 Adminisztrat\u00edv asszisztens (di\u00e1k) - Helpers Hungary","description":"Operat\u00edv csapatunkba keres\u00fcnk di\u00e1k munkat\u00e1rsat irodai adminisztrat\u00edv asszisztens poz\u00edci\u00f3ba a ny\u00e1ri szabads\u00e1gok idej\u00e9re. Hivatali \u00fcgyint\u00e9z\u00e9s, post\u00e1z\u00e1s.","robots":{"index":"index","follow":"follow","max-snippet":"max-snippet:-1","max-image-preview":"max-image-preview:large","max-video-preview":"max-video-preview:-1"},"canonical":"https:\/\/helpers.hu\/hu\/allas-adminisztrativ-asszisztens-diak\/","og_locale":"hu_HU","og_type":"article","og_title":"\u00c1ll\u00e1slehet\u0151s\u00e9g \u2013 Adminisztrat\u00edv asszisztens (di\u00e1k) - Helpers Hungary","og_description":"Operat\u00edv csapatunkba keres\u00fcnk di\u00e1k munkat\u00e1rsat irodai adminisztrat\u00edv asszisztens poz\u00edci\u00f3ba a ny\u00e1ri szabads\u00e1gok idej\u00e9re. Hivatali \u00fcgyint\u00e9z\u00e9s, post\u00e1z\u00e1s.","og_url":"https:\/\/helpers.hu\/hu\/allas-adminisztrativ-asszisztens-diak\/","og_site_name":"Helpers Hungary","article_modified_time":"2025-06-06T08:49:29+00:00","og_image":[{"width":1000,"height":617,"url":"https:\/\/helpers.hu\/wp-content\/uploads\/2024\/12\/team-1.jpg","type":"image\/jpeg"}],"twitter_card":"summary_large_image","twitter_misc":{"Becs\u00fclt olvas\u00e1si id\u0151":"2 perc"},"schema":{"@context":"https:\/\/schema.org","@graph":[{"@type":"WebPage","@id":"https:\/\/helpers.hu\/hu\/allas-adminisztrativ-asszisztens-diak\/","url":"https:\/\/helpers.hu\/hu\/allas-adminisztrativ-asszisztens-diak\/","name":"\u00c1ll\u00e1slehet\u0151s\u00e9g \u2013 Adminisztrat\u00edv asszisztens (di\u00e1k) - Helpers Hungary","isPartOf":{"@id":"https:\/\/helpers.hu\/hu\/#website"},"primaryImageOfPage":{"@id":"https:\/\/helpers.hu\/hu\/allas-adminisztrativ-asszisztens-diak\/#primaryimage"},"image":{"@id":"https:\/\/helpers.hu\/hu\/allas-adminisztrativ-asszisztens-diak\/#primaryimage"},"thumbnailUrl":"https:\/\/helpers.hu\/wp-content\/uploads\/2024\/12\/team-1.jpg","datePublished":"2025-06-05T10:24:16+00:00","dateModified":"2025-06-06T08:49:29+00:00","description":"Operat\u00edv csapatunkba keres\u00fcnk di\u00e1k munkat\u00e1rsat irodai adminisztrat\u00edv asszisztens poz\u00edci\u00f3ba a ny\u00e1ri szabads\u00e1gok idej\u00e9re. Hivatali \u00fcgyint\u00e9z\u00e9s, post\u00e1z\u00e1s.","breadcrumb":{"@id":"https:\/\/helpers.hu\/hu\/allas-adminisztrativ-asszisztens-diak\/#breadcrumb"},"inLanguage":"hu","potentialAction":[{"@type":"ReadAction","target":["https:\/\/helpers.hu\/hu\/allas-adminisztrativ-asszisztens-diak\/"]}]},{"@type":"ImageObject","inLanguage":"hu","@id":"https:\/\/helpers.hu\/hu\/allas-adminisztrativ-asszisztens-diak\/#primaryimage","url":"https:\/\/helpers.hu\/wp-content\/uploads\/2024\/12\/team-1.jpg","contentUrl":"https:\/\/helpers.hu\/wp-content\/uploads\/2024\/12\/team-1.jpg"},{"@type":"BreadcrumbList","@id":"https:\/\/helpers.hu\/hu\/allas-adminisztrativ-asszisztens-diak\/#breadcrumb","itemListElement":[{"@type":"ListItem","position":1,"name":"Home","item":"https:\/\/helpers.hu\/hu\/"},{"@type":"ListItem","position":2,"name":"\u00c1ll\u00e1slehet\u0151s\u00e9g \u2013 Adminisztrat\u00edv asszisztens (di\u00e1k)"}]},{"@type":"WebSite","@id":"https:\/\/helpers.hu\/hu\/#website","url":"https:\/\/helpers.hu\/hu\/","name":"Helpers Hungary","description":"","potentialAction":[{"@type":"SearchAction","target":{"@type":"EntryPoint","urlTemplate":"https:\/\/helpers.hu\/hu\/?s={search_term_string}"},"query-input":{"@type":"PropertyValueSpecification","valueRequired":true,"valueName":"search_term_string"}}],"inLanguage":"hu"}]}},"acf":[],"_links":{"self":[{"href":"https:\/\/helpers.hu\/hu\/wp-json\/wp\/v2\/pages\/54463","targetHints":{"allow":["GET"]}}],"collection":[{"href":"https:\/\/helpers.hu\/hu\/wp-json\/wp\/v2\/pages"}],"about":[{"href":"https:\/\/helpers.hu\/hu\/wp-json\/wp\/v2\/types\/page"}],"author":[{"embeddable":true,"href":"https:\/\/helpers.hu\/hu\/wp-json\/wp\/v2\/users\/8"}],"replies":[{"embeddable":true,"href":"https:\/\/helpers.hu\/hu\/wp-json\/wp\/v2\/comments?post=54463"}],"version-history":[{"count":2,"href":"https:\/\/helpers.hu\/hu\/wp-json\/wp\/v2\/pages\/54463\/revisions"}],"predecessor-version":[{"id":54480,"href":"https:\/\/helpers.hu\/hu\/wp-json\/wp\/v2\/pages\/54463\/revisions\/54480"}],"wp:attachment":[{"href":"https:\/\/helpers.hu\/hu\/wp-json\/wp\/v2\/media?parent=54463"}],"curies":[{"name":"wp","href":"https:\/\/api.w.org\/{rel}","templated":true}]}}